{"id":4537,"date":"2020-05-03T17:23:03","date_gmt":"2020-05-03T15:23:03","guid":{"rendered":"http:\/\/serafini-luthier.com\/wpress\/?post_type=product&#038;p=4537"},"modified":"2020-05-03T17:23:23","modified_gmt":"2020-05-03T15:23:23","slug":"autres-violoncelles","status":"publish","type":"product","link":"http:\/\/serafini-luthier.com\/wpress\/index.php\/product\/autres-violoncelles\/","title":{"rendered":"Autres violoncelles"},"content":{"rendered":"<p>D&rsquo;autres violoncelles sont bien s\u00fbr disponibles, de diff\u00e9rentes tailles, diff\u00e9rentes p\u00e9riodes et origines&#8230;<\/p>\n","protected":false},"excerpt":{"rendered":"<p>D&rsquo;autres violoncelles sont bien s\u00fbr disponibles, de diff\u00e9rentes tailles, diff\u00e9rentes p\u00e9riodes et origines&#8230;<\/p>\n","protected":false},"featured_media":4538,"template":"","meta":[],"jetpack_sharing_enabled":true,"_links":{"self":[{"href":"http:\/\/serafini-luthier.com\/wpress\/index.php\/wp-json\/wp\/v2\/product\/4537"}],"collection":[{"href":"http:\/\/serafini-luthier.com\/wpress\/index.php\/wp-json\/wp\/v2\/product"}],"about":[{"href":"http:\/\/serafini-luthier.com\/wpress\/index.php\/wp-json\/wp\/v2\/types\/product"}],"wp:featuredmedia":[{"embeddable":true,"href":"http:\/\/serafini-luthier.com\/wpress\/index.php\/wp-json\/wp\/v2\/media\/4538"}],"wp:attachment":[{"href":"http:\/\/serafini-luthier.com\/wpress\/index.php\/wp-json\/wp\/v2\/media?parent=4537"}],"curies":[{"name":"wp","href":"https:\/\/api.w.org\/{rel}","templated":true}]}}