{"id":4284,"date":"2018-11-12T11:50:12","date_gmt":"2018-11-12T11:50:12","guid":{"rendered":"https:\/\/demo.themeisle.com\/hestia-default\/hestia-front\/"},"modified":"2024-10-17T07:39:54","modified_gmt":"2024-10-17T05:39:54","slug":"d41d8-hestia-front","status":"publish","type":"page","link":"http:\/\/serafini-luthier.com\/wpress\/","title":{"rendered":"Front Page"},"content":{"rendered":"\n<p class=\"has-text-align-left has-accent-color has-text-color has-normal-font-size\">Ludovic SERAFINI &#8211; <em>Luthier des instruments du quatuor \u00e0 cordes<\/em><\/p>\n\n\n\n<div class=\"wp-block-jetpack-tiled-gallery aligncenter is-style-columns\"><div class=\"tiled-gallery__gallery\"><div class=\"tiled-gallery__row\"><div class=\"tiled-gallery__col\" style=\"flex-basis:19.29266%\"><figure class=\"tiled-gallery__item\"><img decoding=\"async\" data-attachment-id=\"38\" data-permalink=\"http:\/\/serafini-luthier.com\/wpress\/sam_6869\/\" data-orig-file=\"https:\/\/i0.wp.com\/serafini-luthier.com\/wpress\/wp-content\/uploads\/2020\/02\/SAM_6869.jpg?fit=2560%2C1920\" data-orig-size=\"2560,1920\" data-comments-opened=\"1\" data-image-meta=\"{&quot;aperture&quot;:&quot;3&quot;,&quot;credit&quot;:&quot;&quot;,&quot;camera&quot;:&quot;SAMSUNG PL100 \\\/ SAMSUNG TL205 \\\/ VLUU PL100 \\\/ SAMSUNG PL101&quot;,&quot;caption&quot;:&quot;&quot;,&quot;created_timestamp&quot;:&quot;1348854465&quot;,&quot;copyright&quot;:&quot;COPYRIGHT, 2009&quot;,&quot;focal_length&quot;:&quot;6.3&quot;,&quot;iso&quot;:&quot;320&quot;,&quot;shutter_speed&quot;:&quot;0.066666666666667&quot;,&quot;title&quot;:&quot;&quot;,&quot;orientation&quot;:&quot;1&quot;}\" data-image-title=\"SAM_6869\" data-image-description=\"\" data-image-caption=\"\" data-medium-file=\"https:\/\/i0.wp.com\/serafini-luthier.com\/wpress\/wp-content\/uploads\/2020\/02\/SAM_6869.jpg?fit=300%2C225\" data-large-file=\"https:\/\/i0.wp.com\/serafini-luthier.com\/wpress\/wp-content\/uploads\/2020\/02\/SAM_6869.jpg?fit=750%2C563\" data-attachment-id=\"38\" data-permalink=\"http:\/\/serafini-luthier.com\/wpress\/sam_6869\/\" data-orig-file=\"https:\/\/i0.wp.com\/serafini-luthier.com\/wpress\/wp-content\/uploads\/2020\/02\/SAM_6869.jpg?fit=2560%2C1920\" data-orig-size=\"2560,1920\" data-comments-opened=\"1\" data-image-meta=\"{&quot;aperture&quot;:&quot;3&quot;,&quot;credit&quot;:&quot;&quot;,&quot;camera&quot;:&quot;SAMSUNG PL100 \\\/ SAMSUNG TL205 \\\/ VLUU PL100 \\\/ SAMSUNG PL101&quot;,&quot;caption&quot;:&quot;&quot;,&quot;created_timestamp&quot;:&quot;1348854465&quot;,&quot;copyright&quot;:&quot;COPYRIGHT, 2009&quot;,&quot;focal_length&quot;:&quot;6.3&quot;,&quot;iso&quot;:&quot;320&quot;,&quot;shutter_speed&quot;:&quot;0.066666666666667&quot;,&quot;title&quot;:&quot;&quot;,&quot;orientation&quot;:&quot;1&quot;}\" data-image-title=\"SAM_6869\" data-image-description=\"\" data-image-caption=\"\" data-medium-file=\"https:\/\/i0.wp.com\/serafini-luthier.com\/wpress\/wp-content\/uploads\/2020\/02\/SAM_6869.jpg?fit=300%2C225\" data-large-file=\"https:\/\/i0.wp.com\/serafini-luthier.com\/wpress\/wp-content\/uploads\/2020\/02\/SAM_6869.jpg?fit=750%2C563\" srcset=\"https:\/\/i0.wp.com\/serafini-luthier.com\/wpress\/wp-content\/uploads\/2020\/02\/SAM_6869.jpg?strip=info&#038;w=600 600w,https:\/\/i0.wp.com\/serafini-luthier.com\/wpress\/wp-content\/uploads\/2020\/02\/SAM_6869.jpg?strip=info&#038;w=900 900w,https:\/\/i0.wp.com\/serafini-luthier.com\/wpress\/wp-content\/uploads\/2020\/02\/SAM_6869.jpg?strip=info&#038;w=1200 1200w,https:\/\/i0.wp.com\/serafini-luthier.com\/wpress\/wp-content\/uploads\/2020\/02\/SAM_6869.jpg?strip=info&#038;w=1500 1500w,https:\/\/i0.wp.com\/serafini-luthier.com\/wpress\/wp-content\/uploads\/2020\/02\/SAM_6869.jpg?strip=info&#038;w=1800 1800w,https:\/\/i0.wp.com\/serafini-luthier.com\/wpress\/wp-content\/uploads\/2020\/02\/SAM_6869.jpg?strip=info&#038;w=2000 2000w\" alt=\"\" data-height=\"1920\" data-id=\"38\" data-link=\"http:\/\/serafini-luthier.com\/wpress\/index.php\/galerie__trashed\/sam_6869\/\" data-url=\"http:\/\/serafini-luthier.com\/wpress\/wp-content\/uploads\/2020\/02\/SAM_6869.jpg\" data-width=\"2560\" src=\"https:\/\/i0.wp.com\/serafini-luthier.com\/wpress\/wp-content\/uploads\/2020\/02\/SAM_6869.jpg\" data-amp-layout=\"responsive\"\/><\/figure><figure class=\"tiled-gallery__item\"><img decoding=\"async\" data-attachment-id=\"28\" data-permalink=\"http:\/\/serafini-luthier.com\/wpress\/dscn0527\/\" data-orig-file=\"https:\/\/i0.wp.com\/serafini-luthier.com\/wpress\/wp-content\/uploads\/2020\/02\/DSCN0527-scaled.jpg?fit=2560%2C1920\" data-orig-size=\"2560,1920\" data-comments-opened=\"1\" data-image-meta=\"{&quot;aperture&quot;:&quot;3.2&quot;,&quot;credit&quot;:&quot;&quot;,&quot;camera&quot;:&quot;COOLPIX S2900&quot;,&quot;caption&quot;:&quot;&quot;,&quot;created_timestamp&quot;:&quot;1467380184&quot;,&quot;copyright&quot;:&quot;&quot;,&quot;focal_length&quot;:&quot;4.6&quot;,&quot;iso&quot;:&quot;400&quot;,&quot;shutter_speed&quot;:&quot;0.1&quot;,&quot;title&quot;:&quot;&quot;,&quot;orientation&quot;:&quot;1&quot;}\" data-image-title=\"DSCN0527\" data-image-description=\"\" data-image-caption=\"\" data-medium-file=\"https:\/\/i0.wp.com\/serafini-luthier.com\/wpress\/wp-content\/uploads\/2020\/02\/DSCN0527-scaled.jpg?fit=300%2C225\" data-large-file=\"https:\/\/i0.wp.com\/serafini-luthier.com\/wpress\/wp-content\/uploads\/2020\/02\/DSCN0527-scaled.jpg?fit=750%2C563\" data-attachment-id=\"28\" data-permalink=\"http:\/\/serafini-luthier.com\/wpress\/dscn0527\/\" data-orig-file=\"https:\/\/i0.wp.com\/serafini-luthier.com\/wpress\/wp-content\/uploads\/2020\/02\/DSCN0527-scaled.jpg?fit=2560%2C1920\" data-orig-size=\"2560,1920\" data-comments-opened=\"1\" data-image-meta=\"{&quot;aperture&quot;:&quot;3.2&quot;,&quot;credit&quot;:&quot;&quot;,&quot;camera&quot;:&quot;COOLPIX S2900&quot;,&quot;caption&quot;:&quot;&quot;,&quot;created_timestamp&quot;:&quot;1467380184&quot;,&quot;copyright&quot;:&quot;&quot;,&quot;focal_length&quot;:&quot;4.6&quot;,&quot;iso&quot;:&quot;400&quot;,&quot;shutter_speed&quot;:&quot;0.1&quot;,&quot;title&quot;:&quot;&quot;,&quot;orientation&quot;:&quot;1&quot;}\" data-image-title=\"DSCN0527\" data-image-description=\"\" data-image-caption=\"\" data-medium-file=\"https:\/\/i0.wp.com\/serafini-luthier.com\/wpress\/wp-content\/uploads\/2020\/02\/DSCN0527-scaled.jpg?fit=300%2C225\" data-large-file=\"https:\/\/i0.wp.com\/serafini-luthier.com\/wpress\/wp-content\/uploads\/2020\/02\/DSCN0527-scaled.jpg?fit=750%2C563\" srcset=\"https:\/\/i2.wp.com\/serafini-luthier.com\/wpress\/wp-content\/uploads\/2020\/02\/DSCN0527-scaled.jpg?strip=info&#038;w=600 600w,https:\/\/i2.wp.com\/serafini-luthier.com\/wpress\/wp-content\/uploads\/2020\/02\/DSCN0527-scaled.jpg?strip=info&#038;w=900 900w,https:\/\/i2.wp.com\/serafini-luthier.com\/wpress\/wp-content\/uploads\/2020\/02\/DSCN0527-scaled.jpg?strip=info&#038;w=1200 1200w,https:\/\/i2.wp.com\/serafini-luthier.com\/wpress\/wp-content\/uploads\/2020\/02\/DSCN0527-scaled.jpg?strip=info&#038;w=1500 1500w,https:\/\/i2.wp.com\/serafini-luthier.com\/wpress\/wp-content\/uploads\/2020\/02\/DSCN0527-scaled.jpg?strip=info&#038;w=1800 1800w,https:\/\/i2.wp.com\/serafini-luthier.com\/wpress\/wp-content\/uploads\/2020\/02\/DSCN0527-scaled.jpg?strip=info&#038;w=2000 2000w\" alt=\"\" data-height=\"1920\" data-id=\"28\" data-link=\"http:\/\/serafini-luthier.com\/wpress\/index.php\/galerie__trashed\/dscn0527\/\" data-url=\"http:\/\/serafini-luthier.com\/wpress\/wp-content\/uploads\/2020\/02\/DSCN0527-scaled.jpg\" data-width=\"2560\" src=\"https:\/\/i2.wp.com\/serafini-luthier.com\/wpress\/wp-content\/uploads\/2020\/02\/DSCN0527-scaled.jpg\" data-amp-layout=\"responsive\"\/><\/figure><\/div><div class=\"tiled-gallery__col\" style=\"flex-basis:39.02993%\"><figure class=\"tiled-gallery__item\"><img decoding=\"async\" data-attachment-id=\"37\" data-permalink=\"http:\/\/serafini-luthier.com\/wpress\/sam_6864\/\" data-orig-file=\"https:\/\/i0.wp.com\/serafini-luthier.com\/wpress\/wp-content\/uploads\/2020\/02\/SAM_6864.jpg?fit=2560%2C1920\" data-orig-size=\"2560,1920\" data-comments-opened=\"1\" data-image-meta=\"{&quot;aperture&quot;:&quot;3&quot;,&quot;credit&quot;:&quot;&quot;,&quot;camera&quot;:&quot;SAMSUNG PL100 \\\/ SAMSUNG TL205 \\\/ VLUU PL100 \\\/ SAMSUNG PL101&quot;,&quot;caption&quot;:&quot;&quot;,&quot;created_timestamp&quot;:&quot;1348853952&quot;,&quot;copyright&quot;:&quot;COPYRIGHT, 2009&quot;,&quot;focal_length&quot;:&quot;6.3&quot;,&quot;iso&quot;:&quot;200&quot;,&quot;shutter_speed&quot;:&quot;0.05&quot;,&quot;title&quot;:&quot;&quot;,&quot;orientation&quot;:&quot;1&quot;}\" data-image-title=\"SAM_6864\" data-image-description=\"\" data-image-caption=\"\" data-medium-file=\"https:\/\/i0.wp.com\/serafini-luthier.com\/wpress\/wp-content\/uploads\/2020\/02\/SAM_6864.jpg?fit=300%2C225\" data-large-file=\"https:\/\/i0.wp.com\/serafini-luthier.com\/wpress\/wp-content\/uploads\/2020\/02\/SAM_6864.jpg?fit=750%2C563\" data-attachment-id=\"37\" data-permalink=\"http:\/\/serafini-luthier.com\/wpress\/sam_6864\/\" data-orig-file=\"https:\/\/i0.wp.com\/serafini-luthier.com\/wpress\/wp-content\/uploads\/2020\/02\/SAM_6864.jpg?fit=2560%2C1920\" data-orig-size=\"2560,1920\" data-comments-opened=\"1\" data-image-meta=\"{&quot;aperture&quot;:&quot;3&quot;,&quot;credit&quot;:&quot;&quot;,&quot;camera&quot;:&quot;SAMSUNG PL100 \\\/ SAMSUNG TL205 \\\/ VLUU PL100 \\\/ SAMSUNG PL101&quot;,&quot;caption&quot;:&quot;&quot;,&quot;created_timestamp&quot;:&quot;1348853952&quot;,&quot;copyright&quot;:&quot;COPYRIGHT, 2009&quot;,&quot;focal_length&quot;:&quot;6.3&quot;,&quot;iso&quot;:&quot;200&quot;,&quot;shutter_speed&quot;:&quot;0.05&quot;,&quot;title&quot;:&quot;&quot;,&quot;orientation&quot;:&quot;1&quot;}\" data-image-title=\"SAM_6864\" data-image-description=\"\" data-image-caption=\"\" data-medium-file=\"https:\/\/i0.wp.com\/serafini-luthier.com\/wpress\/wp-content\/uploads\/2020\/02\/SAM_6864.jpg?fit=300%2C225\" data-large-file=\"https:\/\/i0.wp.com\/serafini-luthier.com\/wpress\/wp-content\/uploads\/2020\/02\/SAM_6864.jpg?fit=750%2C563\" srcset=\"https:\/\/i2.wp.com\/serafini-luthier.com\/wpress\/wp-content\/uploads\/2020\/02\/SAM_6864.jpg?strip=info&#038;w=600 600w,https:\/\/i2.wp.com\/serafini-luthier.com\/wpress\/wp-content\/uploads\/2020\/02\/SAM_6864.jpg?strip=info&#038;w=900 900w,https:\/\/i2.wp.com\/serafini-luthier.com\/wpress\/wp-content\/uploads\/2020\/02\/SAM_6864.jpg?strip=info&#038;w=1200 1200w,https:\/\/i2.wp.com\/serafini-luthier.com\/wpress\/wp-content\/uploads\/2020\/02\/SAM_6864.jpg?strip=info&#038;w=1500 1500w,https:\/\/i2.wp.com\/serafini-luthier.com\/wpress\/wp-content\/uploads\/2020\/02\/SAM_6864.jpg?strip=info&#038;w=1800 1800w,https:\/\/i2.wp.com\/serafini-luthier.com\/wpress\/wp-content\/uploads\/2020\/02\/SAM_6864.jpg?strip=info&#038;w=2000 2000w\" alt=\"\" data-height=\"1920\" data-id=\"37\" data-link=\"http:\/\/serafini-luthier.com\/wpress\/index.php\/galerie__trashed\/sam_6864\/\" data-url=\"http:\/\/serafini-luthier.com\/wpress\/wp-content\/uploads\/2020\/02\/SAM_6864.jpg\" data-width=\"2560\" src=\"https:\/\/i2.wp.com\/serafini-luthier.com\/wpress\/wp-content\/uploads\/2020\/02\/SAM_6864.jpg\" data-amp-layout=\"responsive\"\/><\/figure><\/div><div class=\"tiled-gallery__col\" style=\"flex-basis:22.04438%\"><figure class=\"tiled-gallery__item\"><img decoding=\"async\" data-attachment-id=\"27\" data-permalink=\"http:\/\/serafini-luthier.com\/wpress\/dscn0525\/\" data-orig-file=\"https:\/\/i0.wp.com\/serafini-luthier.com\/wpress\/wp-content\/uploads\/2020\/02\/DSCN0525-scaled.jpg?fit=1920%2C2560\" data-orig-size=\"1920,2560\" data-comments-opened=\"1\" data-image-meta=\"{&quot;aperture&quot;:&quot;3.2&quot;,&quot;credit&quot;:&quot;&quot;,&quot;camera&quot;:&quot;COOLPIX S2900&quot;,&quot;caption&quot;:&quot;&quot;,&quot;created_timestamp&quot;:&quot;1467380101&quot;,&quot;copyright&quot;:&quot;&quot;,&quot;focal_length&quot;:&quot;4.6&quot;,&quot;iso&quot;:&quot;360&quot;,&quot;shutter_speed&quot;:&quot;0.033333333333333&quot;,&quot;title&quot;:&quot;&quot;,&quot;orientation&quot;:&quot;1&quot;}\" data-image-title=\"DSCN0525\" data-image-description=\"\" data-image-caption=\"\" data-medium-file=\"https:\/\/i0.wp.com\/serafini-luthier.com\/wpress\/wp-content\/uploads\/2020\/02\/DSCN0525-scaled.jpg?fit=225%2C300\" data-large-file=\"https:\/\/i0.wp.com\/serafini-luthier.com\/wpress\/wp-content\/uploads\/2020\/02\/DSCN0525-scaled.jpg?fit=750%2C1000\" data-attachment-id=\"27\" data-permalink=\"http:\/\/serafini-luthier.com\/wpress\/dscn0525\/\" data-orig-file=\"https:\/\/i0.wp.com\/serafini-luthier.com\/wpress\/wp-content\/uploads\/2020\/02\/DSCN0525-scaled.jpg?fit=1920%2C2560\" data-orig-size=\"1920,2560\" data-comments-opened=\"1\" data-image-meta=\"{&quot;aperture&quot;:&quot;3.2&quot;,&quot;credit&quot;:&quot;&quot;,&quot;camera&quot;:&quot;COOLPIX S2900&quot;,&quot;caption&quot;:&quot;&quot;,&quot;created_timestamp&quot;:&quot;1467380101&quot;,&quot;copyright&quot;:&quot;&quot;,&quot;focal_length&quot;:&quot;4.6&quot;,&quot;iso&quot;:&quot;360&quot;,&quot;shutter_speed&quot;:&quot;0.033333333333333&quot;,&quot;title&quot;:&quot;&quot;,&quot;orientation&quot;:&quot;1&quot;}\" data-image-title=\"DSCN0525\" data-image-description=\"\" data-image-caption=\"\" data-medium-file=\"https:\/\/i0.wp.com\/serafini-luthier.com\/wpress\/wp-content\/uploads\/2020\/02\/DSCN0525-scaled.jpg?fit=225%2C300\" data-large-file=\"https:\/\/i0.wp.com\/serafini-luthier.com\/wpress\/wp-content\/uploads\/2020\/02\/DSCN0525-scaled.jpg?fit=750%2C1000\" srcset=\"https:\/\/i0.wp.com\/serafini-luthier.com\/wpress\/wp-content\/uploads\/2020\/02\/DSCN0525-scaled.jpg?strip=info&#038;w=600 600w,https:\/\/i0.wp.com\/serafini-luthier.com\/wpress\/wp-content\/uploads\/2020\/02\/DSCN0525-scaled.jpg?strip=info&#038;w=900 900w,https:\/\/i0.wp.com\/serafini-luthier.com\/wpress\/wp-content\/uploads\/2020\/02\/DSCN0525-scaled.jpg?strip=info&#038;w=1200 1200w,https:\/\/i0.wp.com\/serafini-luthier.com\/wpress\/wp-content\/uploads\/2020\/02\/DSCN0525-scaled.jpg?strip=info&#038;w=1500 1500w,https:\/\/i0.wp.com\/serafini-luthier.com\/wpress\/wp-content\/uploads\/2020\/02\/DSCN0525-scaled.jpg?strip=info&#038;w=1800 1800w,https:\/\/i0.wp.com\/serafini-luthier.com\/wpress\/wp-content\/uploads\/2020\/02\/DSCN0525-scaled.jpg?strip=info&#038;w=1920 1920w\" alt=\"\" data-height=\"2560\" data-id=\"27\" data-link=\"http:\/\/serafini-luthier.com\/wpress\/index.php\/galerie__trashed\/dscn0525\/\" data-url=\"http:\/\/serafini-luthier.com\/wpress\/wp-content\/uploads\/2020\/02\/DSCN0525-scaled.jpg\" data-width=\"1920\" src=\"https:\/\/i0.wp.com\/serafini-luthier.com\/wpress\/wp-content\/uploads\/2020\/02\/DSCN0525-scaled.jpg\" data-amp-layout=\"responsive\"\/><\/figure><\/div><div class=\"tiled-gallery__col\" style=\"flex-basis:19.63303%\"><figure class=\"tiled-gallery__item\"><img decoding=\"async\" data-attachment-id=\"32\" data-permalink=\"http:\/\/serafini-luthier.com\/wpress\/p1000714bis\/\" data-orig-file=\"https:\/\/i0.wp.com\/serafini-luthier.com\/wpress\/wp-content\/uploads\/2020\/02\/P1000714bis-scaled.jpg?fit=1708%2C2560\" data-orig-size=\"1708,2560\" data-comments-opened=\"1\" data-image-meta=\"{&quot;aperture&quot;:&quot;1.8&quot;,&quot;credit&quot;:&quot;&quot;,&quot;camera&quot;:&quot;DMC-LX7&quot;,&quot;caption&quot;:&quot;&quot;,&quot;created_timestamp&quot;:&quot;1412766546&quot;,&quot;copyright&quot;:&quot;&quot;,&quot;focal_length&quot;:&quot;8.4&quot;,&quot;iso&quot;:&quot;400&quot;,&quot;shutter_speed&quot;:&quot;0.025&quot;,&quot;title&quot;:&quot;&quot;,&quot;orientation&quot;:&quot;1&quot;}\" data-image-title=\"P1000714bis\" data-image-description=\"\" data-image-caption=\"\" data-medium-file=\"https:\/\/i0.wp.com\/serafini-luthier.com\/wpress\/wp-content\/uploads\/2020\/02\/P1000714bis-scaled.jpg?fit=200%2C300\" data-large-file=\"https:\/\/i0.wp.com\/serafini-luthier.com\/wpress\/wp-content\/uploads\/2020\/02\/P1000714bis-scaled.jpg?fit=683%2C1024\" data-attachment-id=\"32\" data-permalink=\"http:\/\/serafini-luthier.com\/wpress\/p1000714bis\/\" data-orig-file=\"https:\/\/i0.wp.com\/serafini-luthier.com\/wpress\/wp-content\/uploads\/2020\/02\/P1000714bis-scaled.jpg?fit=1708%2C2560\" data-orig-size=\"1708,2560\" data-comments-opened=\"1\" data-image-meta=\"{&quot;aperture&quot;:&quot;1.8&quot;,&quot;credit&quot;:&quot;&quot;,&quot;camera&quot;:&quot;DMC-LX7&quot;,&quot;caption&quot;:&quot;&quot;,&quot;created_timestamp&quot;:&quot;1412766546&quot;,&quot;copyright&quot;:&quot;&quot;,&quot;focal_length&quot;:&quot;8.4&quot;,&quot;iso&quot;:&quot;400&quot;,&quot;shutter_speed&quot;:&quot;0.025&quot;,&quot;title&quot;:&quot;&quot;,&quot;orientation&quot;:&quot;1&quot;}\" data-image-title=\"P1000714bis\" data-image-description=\"\" data-image-caption=\"\" data-medium-file=\"https:\/\/i0.wp.com\/serafini-luthier.com\/wpress\/wp-content\/uploads\/2020\/02\/P1000714bis-scaled.jpg?fit=200%2C300\" data-large-file=\"https:\/\/i0.wp.com\/serafini-luthier.com\/wpress\/wp-content\/uploads\/2020\/02\/P1000714bis-scaled.jpg?fit=683%2C1024\" srcset=\"https:\/\/i1.wp.com\/serafini-luthier.com\/wpress\/wp-content\/uploads\/2020\/02\/P1000714bis-scaled.jpg?strip=info&#038;w=600 600w,https:\/\/i1.wp.com\/serafini-luthier.com\/wpress\/wp-content\/uploads\/2020\/02\/P1000714bis-scaled.jpg?strip=info&#038;w=900 900w,https:\/\/i1.wp.com\/serafini-luthier.com\/wpress\/wp-content\/uploads\/2020\/02\/P1000714bis-scaled.jpg?strip=info&#038;w=1200 1200w,https:\/\/i1.wp.com\/serafini-luthier.com\/wpress\/wp-content\/uploads\/2020\/02\/P1000714bis-scaled.jpg?strip=info&#038;w=1500 1500w,https:\/\/i1.wp.com\/serafini-luthier.com\/wpress\/wp-content\/uploads\/2020\/02\/P1000714bis-scaled.jpg?strip=info&#038;w=1708 1708w\" alt=\"\" data-height=\"2560\" data-id=\"32\" data-link=\"http:\/\/serafini-luthier.com\/wpress\/index.php\/galerie__trashed\/p1000714bis\/\" data-url=\"http:\/\/serafini-luthier.com\/wpress\/wp-content\/uploads\/2020\/02\/P1000714bis-scaled.jpg\" data-width=\"1708\" src=\"https:\/\/i1.wp.com\/serafini-luthier.com\/wpress\/wp-content\/uploads\/2020\/02\/P1000714bis-scaled.jpg\" data-amp-layout=\"responsive\"\/><\/figure><\/div><\/div><\/div><\/div>\n\n\n\n<div style=\"height:32px\" aria-hidden=\"true\" class=\"wp-block-spacer\"><\/div>\n\n\n\n<hr class=\"wp-block-separator has-css-opacity\"\/>\n\n\n\n<div style=\"height:32px\" aria-hidden=\"true\" class=\"wp-block-spacer\"><\/div>\n\n\n\n<p class=\"has-accent-color has-text-color\"><em>Une formation pour devenir luthier !<\/em><\/p>\n\n\n\n<p>L&rsquo;IMEP (<em>Institut Royal Sup\u00e9rieur de Musique et de P\u00e9dagogie<\/em>) de Namur propose aux passionn\u00e9s de facture instrumentale, une formation de 3 ans permettant d\u2019acc\u00e9der \u00e0 la profession de luthier du quatuor \u00e0 cordes.   <a href=\"http:\/\/www.serafini-luthier.com\/imep\/\"><em>Plus d&rsquo;informations&#8230;<\/em><\/a><\/p>\n\n\n\n<div style=\"height:32px\" aria-hidden=\"true\" class=\"wp-block-spacer\"><\/div>\n\n\n\n<hr class=\"wp-block-separator has-css-opacity\"\/>\n\n\n\n<div style=\"height:32px\" aria-hidden=\"true\" class=\"wp-block-spacer\"><\/div>\n\n\n\n<p class=\"has-accent-color has-text-color\"><em>Autour de la lutherie et du monde de la musique&#8230;<\/em><\/p>\n\n\n\n<blockquote class=\"wp-block-quote is-style-default\">\n<p>GLAAF \u00ab\u00a0Groupement des Luthiers et Archetiers d\u2019Art de France\u00a0\u00bb &#8211; <a href=\"http:\/\/www.glaaf.fr\">www.glaaf.fr<\/a> &#8211;<br>ALADFI \u00ab\u00a0Association des luthiers et archetiers pour le d\u00e9veloppement de la facture instrumentale\u00a0\u00bb &#8211; <a href=\"http:\/\/www.aladfi.com\">www.aladfi.com<\/a> &#8211;<br><br><em>Institut Royal Sup\u00e9rieur de Musique et de P\u00e9dagogie &#8211; IMEP <\/em><a href=\"http:\/\/www.ecoledelutherie.eu\">&#8211; <\/a><a href=\"http:\/\/www.imep.be\">www.imep.be<\/a><em> &#8211;<\/em><br>Formation de 3 ans en lutherie \u00e0 l&rsquo;IMEP &#8211; <a href=\"https:\/\/www.imep.be\/etudes\/lutherie\/\">www.imep.be<\/a><em> &#8211;<\/em><\/p>\n\n\n\n<p><em>R\u00e9my DUMAS, luthier des instruments du quatuor en Loz\u00e8re &#8211; <\/em><a href=\"http:\/\/www.luthier-dumas.fr\">www.luthier-dumas.fr<\/a><em> &#8211;<\/em><\/p>\n\n\n\n<p>Cordaneum &#8211; Centre du violon et de la lutherie &#8211; <a href=\"http:\/\/www.cordaneum.be\">www.cordaneum.be<\/a> &#8211;<br>Association \u00ab\u00a0Les Amis de Paul BAZELAIRE\u00a0\u00bb &#8211; <em><a href=\"http:\/\/paul.bazelaire.free.fr\">http:\/\/paul.bazelaire.free.fr<\/a><\/em> &#8211;<\/p>\n\n\n\n<p class=\"has-accent-color has-text-color\"><\/p>\n<\/blockquote>\n\n\n\n<blockquote class=\"wp-block-quote\">\n<p><\/p>\n<\/blockquote>\n","protected":false},"excerpt":{"rendered":"<p>Ludovic SERAFINI &#8211; Luthier des instruments du quatuor \u00e0 cordes Une formation pour devenir luthier ! L&rsquo;IMEP (Institut Royal Sup\u00e9rieur de Musique et de P\u00e9dagogie) de Namur propose aux passionn\u00e9s de facture instrumentale, une formation de 3 ans permettant d\u2019acc\u00e9der \u00e0 la profession de luthier du quatuor \u00e0 cordes. Plus [&hellip;]<\/p>\n","protected":false},"author":1,"featured_media":0,"parent":0,"menu_order":0,"comment_status":"closed","ping_status":"closed","template":"","meta":{"footnotes":""},"jetpack_sharing_enabled":true,"_links":{"self":[{"href":"http:\/\/serafini-luthier.com\/wpress\/index.php\/wp-json\/wp\/v2\/pages\/4284"}],"collection":[{"href":"http:\/\/serafini-luthier.com\/wpress\/index.php\/wp-json\/wp\/v2\/pages"}],"about":[{"href":"http:\/\/serafini-luthier.com\/wpress\/index.php\/wp-json\/wp\/v2\/types\/page"}],"author":[{"embeddable":true,"href":"http:\/\/serafini-luthier.com\/wpress\/index.php\/wp-json\/wp\/v2\/users\/1"}],"replies":[{"embeddable":true,"href":"http:\/\/serafini-luthier.com\/wpress\/index.php\/wp-json\/wp\/v2\/comments?post=4284"}],"version-history":[{"count":34,"href":"http:\/\/serafini-luthier.com\/wpress\/index.php\/wp-json\/wp\/v2\/pages\/4284\/revisions"}],"predecessor-version":[{"id":4632,"href":"http:\/\/serafini-luthier.com\/wpress\/index.php\/wp-json\/wp\/v2\/pages\/4284\/revisions\/4632"}],"wp:attachment":[{"href":"http:\/\/serafini-luthier.com\/wpress\/index.php\/wp-json\/wp\/v2\/media?parent=4284"}],"curies":[{"name":"wp","href":"https:\/\/api.w.org\/{rel}","templated":true}]}}